{"id":17236,"date":"2014-10-02T02:24:22","date_gmt":"2014-10-02T02:24:22","guid":{"rendered":"https:\/\/test.tfciadedanca.mazaltec.com.br\/about-us\/"},"modified":"2014-10-02T02:24:22","modified_gmt":"2014-10-02T02:24:22","slug":"about-us","status":"publish","type":"page","link":"https:\/\/test.tfciadedanca.mazaltec.com.br\/en\/about-us\/","title":{"rendered":"About Us"},"content":{"rendered":"<p><span style=\"text-decoration: underline;\"><span style=\"color: #6f2444;\"><strong>T.F. Cia de Dan\u00e7a<\/strong><\/span><\/span><\/p>\n<p>O T.F. Cia de Dan\u00e7a investiga a <strong><em>Dan\u00e7a Urbana Contempor\u00e2nea<\/em><\/strong> e pesquisa as possibilidades de exercitar um pensamento contempor\u00e2neo do hip hop. Esta investiga\u00e7\u00e3o concentra-se em descobrir novas possibilidades corporais a partir de t\u00e9cnicas de diferentes dan\u00e7as urbanas, mas desenvolvendo um trabalho autoral, marcado por um percurso de investiga\u00e7\u00e3o das sensa\u00e7\u00f5es que estimulam esses corpos a partir da individualidade dos int\u00e9rpretes e de estados corporais constru\u00eddos a partir da rela\u00e7\u00e3o corpo-cidade. A pesquisa parte das dan\u00e7as urbanas, mas vai transformando suas bases, criando e modificando suas refer\u00eancias, desenvolvendo essa pesquisa particular.  <\/p>\n<p>O grupo T.F.Style teve in\u00edcio em 2002, sob dire\u00e7\u00e3o de Igor Gasparini. A partir de 2007, com a dire\u00e7\u00e3o art\u00edstica de Frank Tavantti, surge o T.F.Style Cia de Dan\u00e7a, destacando-se justamente por esse diferencial: ser um dos n\u00facleos pioneiros nesta investiga\u00e7\u00e3o da <em>Dan\u00e7a Urbana Contempor\u00e2nea<\/em>. Em 2022, celebrando os 20 anos do n\u00facleo art\u00edstico, passamos a utilizar apenas T.F. Cia de Dan\u00e7a.  <\/p>\n<p>A companhia foi contemplada pela 20\u00aa, 24\u00aa, 28\u00aa e 32\u00aa Edi\u00e7\u00e3o do Fomento \u00e0 Dan\u00e7a da cidade de S\u00e3o Paulo (2016, 2018, 2020 e 2022) e pelo Edital PROAC de Circula\u00e7\u00e3o de Espet\u00e1culos de Dan\u00e7a no Estado de S\u00e3o Paulo (2016, 2020 e 2022). Recebeu o <strong>Pr\u00eamio APCA <\/strong>de Melhor Estreia 2019 com <strong>ELO<\/strong> e o Pr\u00eamio Denilto Gomes de Melhor Elenco para <strong>Zona Cinzenta<\/strong>, em 2022. <\/p>\n<p><strong><a title=\"Hist\u00f3rico da Cia\" href=\"https:\/\/test.tfciadedanca.mazaltec.com.br\/sobre-nos\/historico-da-cia\/\" target=\"_blank\">Mais informa\u00e7\u00f5es e Hist\u00f3rico da Cia<\/a><\/strong><\/p>\n<p><a href=\"https:\/\/test.tfciadedanca.mazaltec.com.br\/wp-content\/uploads\/2022\/01\/ELO-03-Rio-de-Janeiro-1024x720.jpg\" rel=\"fancybox[17236]\" rel=\"attachment wp-att-16588\"><img loading=\"lazy\" decoding=\"async\" class=\"aligncenter wp-image-16588 size-large\" src=\"https:\/\/test.tfciadedanca.mazaltec.com.br\/wp-content\/uploads\/2022\/01\/ELO-03-Rio-de-Janeiro-1024x720.jpg\" alt=\"ELO - 03 - Rio de Janeiro\" width=\"900\" height=\"633\" srcset=\"https:\/\/test.tfciadedanca.mazaltec.com.br\/wp-content\/uploads\/2022\/01\/ELO-03-Rio-de-Janeiro-1024x720.jpg 1024w, https:\/\/test.tfciadedanca.mazaltec.com.br\/wp-content\/uploads\/2022\/01\/ELO-03-Rio-de-Janeiro-300x211.jpg 300w, https:\/\/test.tfciadedanca.mazaltec.com.br\/wp-content\/uploads\/2022\/01\/ELO-03-Rio-de-Janeiro-768x540.jpg 768w, https:\/\/test.tfciadedanca.mazaltec.com.br\/wp-content\/uploads\/2022\/01\/ELO-03-Rio-de-Janeiro.jpg 1440w\" sizes=\"auto, (max-width: 900px) 100vw, 900px\" \/><\/a><\/p>\n<p>&nbsp;<\/p>\n","protected":false},"excerpt":{"rendered":"<p>T.F. Cia de Dan\u00e7a O T.F. Cia de Dan\u00e7a investiga a Dan\u00e7a Urbana Contempor\u00e2nea e pesquisa as possibilidades de exercitar um pensamento contempor\u00e2neo do hip hop. Esta investiga\u00e7\u00e3o concentra-se em descobrir novas possibilidades corporais a partir de t\u00e9cnicas de diferentes dan\u00e7as urbanas, mas desenvolvendo um trabalho autoral, marcado por um<a href=\"https:\/\/test.tfciadedanca.mazaltec.com.br\/en\/about-us\/\"><\/a><\/p>\n","protected":false},"author":2,"featured_media":0,"parent":0,"menu_order":0,"comment_status":"open","ping_status":"open","template":"","meta":{"footnotes":""},"class_list":["post-17236","page","type-page","status-publish","hentry"],"_links":{"self":[{"href":"https:\/\/test.tfciadedanca.mazaltec.com.br\/en\/wp-json\/wp\/v2\/pages\/17236","targetHints":{"allow":["GET"]}}],"collection":[{"href":"https:\/\/test.tfciadedanca.mazaltec.com.br\/en\/wp-json\/wp\/v2\/pages"}],"about":[{"href":"https:\/\/test.tfciadedanca.mazaltec.com.br\/en\/wp-json\/wp\/v2\/types\/page"}],"author":[{"embeddable":true,"href":"https:\/\/test.tfciadedanca.mazaltec.com.br\/en\/wp-json\/wp\/v2\/users\/2"}],"replies":[{"embeddable":true,"href":"https:\/\/test.tfciadedanca.mazaltec.com.br\/en\/wp-json\/wp\/v2\/comments?post=17236"}],"version-history":[{"count":0,"href":"https:\/\/test.tfciadedanca.mazaltec.com.br\/en\/wp-json\/wp\/v2\/pages\/17236\/revisions"}],"wp:attachment":[{"href":"https:\/\/test.tfciadedanca.mazaltec.com.br\/en\/wp-json\/wp\/v2\/media?parent=17236"}],"curies":[{"name":"wp","href":"https:\/\/api.w.org\/{rel}","templated":true}]}}