{"id":17268,"date":"2013-12-07T21:56:45","date_gmt":"2013-12-07T21:56:45","guid":{"rendered":"https:\/\/test.tfciadedanca.mazaltec.com.br\/about-us\/material-de-imprensa\/"},"modified":"2013-12-07T21:56:45","modified_gmt":"2013-12-07T21:56:45","slug":"material-de-imprensa","status":"publish","type":"page","link":"https:\/\/test.tfciadedanca.mazaltec.com.br\/en\/about-us\/material-de-imprensa\/","title":{"rendered":"Material de Imprensa"},"content":{"rendered":"<p><strong><a href=\"https:\/\/drive.google.com\/file\/d\/1fwwz5aFniMmS1CIcHvyTDqzxEPr65X-s\/view?usp=sharing\" target=\"_blank\">Cr\u00edtica La Raz\u00f3n<\/a> &#8211; T.F. Cia de Dan\u00e7a em La Paz (Bol\u00edvia)<\/strong><br \/>\n<a href=\"https:\/\/www.la-razon.com\/lr-article\/la-t-f-style-cia-de-danca-hizo-temblar-a-la-paz\/?fbclid=IwZXh0bgNhZW0CMTEAAR1K3R6IwBRAtJhw7gMP8K7SakHfq4WDuAUAfp4-F9SBmHyvgQua1Lfq42w_aem_USRB-dV6qPPM4_RDWjHisg\" target=\"_blank\">Acesse aqui<\/a><br \/>\nFestival Danz\u00e9nica + Nuna Fest + Festival CUIR.<br \/>\nObras: Corpos de Fronteira, RASTRO, Cong\u00eanito e HOMO.<\/p>\n<p><a href=\"https:\/\/test.tfciadedanca.mazaltec.com.br\/wp-content\/uploads\/2013\/12\/Cr%C3%ADtica-La-Razon-T.F.-Cia-de-Dan%C3%A7a-em-La-Paz.jpg\" rel=\"fancybox[17268]\" rel=\"attachment wp-att-17161\"><img loading=\"lazy\" decoding=\"async\" class=\"alignleft size-medium wp-image-17161\" src=\"https:\/\/test.tfciadedanca.mazaltec.com.br\/wp-content\/uploads\/2013\/12\/Cr%C3%ADtica-La-Razon-T.F.-Cia-de-Dan%C3%A7a-em-La-Paz-300x237.jpg\" alt=\"Cr\u00edtica La Razon - T.F. Cia de Dan\u00e7a em La Paz\" width=\"300\" height=\"237\"><\/a><\/p>\n<p>&nbsp;<\/p>\n<p>&nbsp;<\/p>\n<p>&nbsp;<\/p>\n<p>&nbsp;<\/p>\n<p>&nbsp;<\/p>\n<p>&nbsp;<\/p>\n<p>&nbsp;<\/p>\n<hr>\n<p><strong><a href=\"https:\/\/drive.google.com\/file\/d\/1ZA5JYicLKsfZvQnCRCn9T9k1Thr0JlRQ\/view?usp=sharing\" target=\"_blank\">Cr\u00edtica de Minuto<\/a> &#8211; Estreia RASTRO<\/strong><br \/>\nOutra Dan\u00e7a &#8211; por Henrique Rochelle<\/p>\n<p><a href=\"https:\/\/test.tfciadedanca.mazaltec.com.br\/wp-content\/uploads\/2013\/12\/Cr%C3%ADtica-de-Minuto-Outra-Dan%C3%A7a-01.jpg\" rel=\"fancybox[17268]\" rel=\"attachment wp-att-17165\"><img loading=\"lazy\" decoding=\"async\" class=\"alignleft size-medium wp-image-17165\" src=\"https:\/\/test.tfciadedanca.mazaltec.com.br\/wp-content\/uploads\/2013\/12\/Cr%C3%ADtica-de-Minuto-Outra-Dan%C3%A7a-01-300x295.jpg\" alt=\"Cr\u00edtica de Minuto - Outra Dan\u00e7a 01\" width=\"300\" height=\"295\"><\/a><\/p>\n<p><a href=\"https:\/\/test.tfciadedanca.mazaltec.com.br\/wp-content\/uploads\/2013\/12\/Cr%C3%ADtica-de-Minuto-Outra-Dan%C3%A7a-02.jpg\" rel=\"fancybox[17268]\" rel=\"attachment wp-att-17164\"><img loading=\"lazy\" decoding=\"async\" class=\"alignleft size-medium wp-image-17164\" src=\"https:\/\/test.tfciadedanca.mazaltec.com.br\/wp-content\/uploads\/2013\/12\/Cr%C3%ADtica-de-Minuto-Outra-Dan%C3%A7a-02-297x300.jpg\" alt=\"Cr\u00edtica de Minuto - Outra Dan\u00e7a 02\" width=\"297\" height=\"300\"><\/a><\/p>\n<p>&nbsp;<\/p>\n<p>&nbsp;<\/p>\n<p>&nbsp;<\/p>\n<p>&nbsp;<\/p>\n<p>&nbsp;<\/p>\n<p>&nbsp;<\/p>\n<p>&nbsp;<\/p>\n<p>&nbsp;<\/p>\n<p>&nbsp;<\/p>\n<hr>\n<p><a href=\"https:\/\/drive.google.com\/file\/d\/17NUQ3Dl0IDpb0JK8keJ-80wq-fpGJFVx\/view?usp=sharing\" target=\"_blank\">Material de Imprensa Corpos de Fronteira<\/a> &#8211; <b>Clipping e Flyers<\/b><\/p>\n<p><a href=\"https:\/\/test.tfciadedanca.mazaltec.com.br\/wp-content\/uploads\/2024\/01\/DSCF2940-300x200.jpg\" rel=\"fancybox[17268]\" rel=\"attachment wp-att-16852\"><img loading=\"lazy\" decoding=\"async\" class=\"alignleft size-medium wp-image-16852\" src=\"https:\/\/test.tfciadedanca.mazaltec.com.br\/wp-content\/uploads\/2024\/01\/DSCF2940-300x200.jpg\" alt=\"DSCF2940\" width=\"300\" height=\"200\" srcset=\"https:\/\/test.tfciadedanca.mazaltec.com.br\/wp-content\/uploads\/2024\/01\/DSCF2940-300x200.jpg 300w, https:\/\/test.tfciadedanca.mazaltec.com.br\/wp-content\/uploads\/2024\/01\/DSCF2940-768x512.jpg 768w, https:\/\/test.tfciadedanca.mazaltec.com.br\/wp-content\/uploads\/2024\/01\/DSCF2940-1024x683.jpg 1024w, https:\/\/test.tfciadedanca.mazaltec.com.br\/wp-content\/uploads\/2024\/01\/DSCF2940.jpg 1080w\" sizes=\"auto, (max-width: 300px) 100vw, 300px\" \/><\/a><\/p>\n<p>&nbsp;<\/p>\n<p>&nbsp;<\/p>\n<p>&nbsp;<\/p>\n<p>&nbsp;<\/p>\n<p>&nbsp;<\/p>\n<p>&nbsp;<\/p>\n<hr>\n<p><a href=\"https:\/\/drive.google.com\/file\/d\/1DubtKS3lh9iNAIiqERATVOJYr4Zw8Iis\/view?usp=drive_link\" target=\"_blank\">Material de Imprensa ELO<\/a> &#8211; <b>Clipping e Flyers<\/b><\/p>\n<p><a href=\"https:\/\/test.tfciadedanca.mazaltec.com.br\/wp-content\/uploads\/2024\/01\/IMG_6929-300x200.jpg\" rel=\"fancybox[17268]\" rel=\"attachment wp-att-16986\"><img loading=\"lazy\" decoding=\"async\" class=\"alignleft size-medium wp-image-16986\" src=\"https:\/\/test.tfciadedanca.mazaltec.com.br\/wp-content\/uploads\/2024\/01\/IMG_6929-300x200.jpg\" alt=\"IMG_6929\" width=\"300\" height=\"200\" srcset=\"https:\/\/test.tfciadedanca.mazaltec.com.br\/wp-content\/uploads\/2024\/01\/IMG_6929-300x200.jpg 300w, https:\/\/test.tfciadedanca.mazaltec.com.br\/wp-content\/uploads\/2024\/01\/IMG_6929-768x512.jpg 768w, https:\/\/test.tfciadedanca.mazaltec.com.br\/wp-content\/uploads\/2024\/01\/IMG_6929-1024x683.jpg 1024w\" sizes=\"auto, (max-width: 300px) 100vw, 300px\" \/><\/a><\/p>\n<p>&nbsp;<\/p>\n<p>&nbsp;<\/p>\n<p>&nbsp;<\/p>\n<p>&nbsp;<\/p>\n<p>&nbsp;<\/p>\n<p>&nbsp;<\/p>\n<hr>\n<p><a href=\"https:\/\/drive.google.com\/file\/d\/17IGDVCJ2iDrIj9VOt1RAaUmZlS2TmCn8\/view?usp=drive_link\" target=\"_blank\">Material de Imprensa Zona Cinzenta<\/a> &#8211; <b>Clipping e Flyers<\/b><\/p>\n<p><a href=\"https:\/\/test.tfciadedanca.mazaltec.com.br\/wp-content\/uploads\/2024\/01\/Zona-Cinzenta-Filipe-Berndt-11-300x200.jpg\" rel=\"fancybox[17268]\" rel=\"attachment wp-att-17006\"><img loading=\"lazy\" decoding=\"async\" class=\"alignleft size-medium wp-image-17006\" src=\"https:\/\/test.tfciadedanca.mazaltec.com.br\/wp-content\/uploads\/2024\/01\/Zona-Cinzenta-Filipe-Berndt-11-300x200.jpg\" alt=\"Zona Cinzenta - Filipe Berndt 11\" width=\"300\" height=\"200\" srcset=\"https:\/\/test.tfciadedanca.mazaltec.com.br\/wp-content\/uploads\/2024\/01\/Zona-Cinzenta-Filipe-Berndt-11-300x200.jpg 300w, https:\/\/test.tfciadedanca.mazaltec.com.br\/wp-content\/uploads\/2024\/01\/Zona-Cinzenta-Filipe-Berndt-11-768x512.jpg 768w, https:\/\/test.tfciadedanca.mazaltec.com.br\/wp-content\/uploads\/2024\/01\/Zona-Cinzenta-Filipe-Berndt-11-1024x683.jpg 1024w\" sizes=\"auto, (max-width: 300px) 100vw, 300px\" \/><\/a><\/p>\n<p>&nbsp;<\/p>\n<p>&nbsp;<\/p>\n<p>&nbsp;<\/p>\n<p>&nbsp;<\/p>\n<p>&nbsp;<\/p>\n<p>&nbsp;<\/p>\n<hr>\n<p><a href=\"https:\/\/www.daquartaparede.com\/post\/tfstyle-elo-telas\" target=\"_blank\">Redescobrir sentidos na dist\u00e2ncia<\/a> &#8211; por Henrique Rochelle<br \/>\n<strong>Cr\u00edtica de<\/strong> <strong>ELO: vers\u00e3o para as telas <\/strong>&#8211; Publicada em <em>Da Quarta Parede<\/em> (julho de 2020).<\/p>\n<p><em>&#8220;A vers\u00e3o presencial de ELO faz um retrato da condi\u00e7\u00e3o humana: coletiva, conjunta, agrupada, buscando intera\u00e7\u00f5es, associa\u00e7\u00f5es. ELO na tela mostra essa condi\u00e7\u00e3o hoje: em meio ao sil\u00eancio do distanciamento, redescobrimos e inventamos formas estar perto. Subimos pelas paredes, e \u00e0s vezes n\u00e3o s\u00f3 metaforicamente.&#8221;<\/em><\/p>\n<p><a href=\"https:\/\/test.tfciadedanca.mazaltec.com.br\/wp-content\/uploads\/2013\/12\/ELO-Telas-300x260.jpg\" rel=\"fancybox[17268]\" target=\"_blank\" rel=\"attachment wp-att-5952\"><img loading=\"lazy\" decoding=\"async\" class=\"alignleft wp-image-5952 size-medium\" src=\"https:\/\/test.tfciadedanca.mazaltec.com.br\/wp-content\/uploads\/2013\/12\/ELO-Telas-300x260.jpg\" alt=\"ELO Telas\" width=\"300\" height=\"260\" srcset=\"https:\/\/test.tfciadedanca.mazaltec.com.br\/wp-content\/uploads\/2013\/12\/ELO-Telas-300x260.jpg 300w, https:\/\/test.tfciadedanca.mazaltec.com.br\/wp-content\/uploads\/2013\/12\/ELO-Telas.jpg 593w\" sizes=\"auto, (max-width: 300px) 100vw, 300px\" \/><\/a><\/p>\n<p>&nbsp;<\/p>\n<p>&nbsp;<\/p>\n<p>&nbsp;<\/p>\n<p>&nbsp;<\/p>\n<p>&nbsp;<\/p>\n<p>&nbsp;<\/p>\n<p>&nbsp;<\/p>\n<p><a href=\"https:\/\/www.daquartaparede.com\/post\/tfstyle-elo-telas\" target=\"_blank\"><br \/>\nhttps:\/\/www.daquartaparede.com\/post\/tfstyle-elo-telas<\/a><\/p>\n<p>&nbsp;<\/p>\n<hr>\n<p><a href=\"https:\/\/test.tfciadedanca.mazaltec.com.br\/wp-content\/uploads\/2013\/12\/Material-T.F.Style-Clipping-Assessoria.pdf\" target=\"_blank\" rel=\"\">Material T.F.Style<\/a> &#8211; <b>Clipping Assessoria de Imprensa<\/b><\/p>\n<p><a href=\"https:\/\/test.tfciadedanca.mazaltec.com.br\/wp-content\/uploads\/2017\/11\/2018_TF_Carne-Urbana__0128-300x200.jpg\" rel=\"fancybox[17268]\" rel=\"attachment wp-att-2022\"><img loading=\"lazy\" decoding=\"async\" class=\"size-medium wp-image-2022 alignnone\" src=\"https:\/\/test.tfciadedanca.mazaltec.com.br\/wp-content\/uploads\/2017\/11\/2018_TF_Carne-Urbana__0128-300x200.jpg\" alt=\"2018_TF_Carne Urbana__0128\" width=\"300\" height=\"200\" srcset=\"https:\/\/test.tfciadedanca.mazaltec.com.br\/wp-content\/uploads\/2017\/11\/2018_TF_Carne-Urbana__0128-300x200.jpg 300w, https:\/\/test.tfciadedanca.mazaltec.com.br\/wp-content\/uploads\/2017\/11\/2018_TF_Carne-Urbana__0128-768x512.jpg 768w, https:\/\/test.tfciadedanca.mazaltec.com.br\/wp-content\/uploads\/2017\/11\/2018_TF_Carne-Urbana__0128-1024x683.jpg 1024w\" sizes=\"auto, (max-width: 300px) 100vw, 300px\" \/><\/a><\/p>\n<hr>\n<p><a href=\"https:\/\/test.tfciadedanca.mazaltec.com.br\/wp-content\/uploads\/2013\/12\/Material-T.F.Style-03-Carne-Urbana.pdf\" target=\"_blank\" rel=\"\"><br \/>\nMaterial T.F.Style<\/a> &#8211; <strong>Carne Urbana<\/strong><\/p>\n<p><a href=\"https:\/\/test.tfciadedanca.mazaltec.com.br\/wp-content\/uploads\/2017\/11\/2018_TF_Carne-Urbana__0033-300x200.jpg\" rel=\"fancybox[17268]\" rel=\"attachment wp-att-2021\"><img loading=\"lazy\" decoding=\"async\" class=\"alignnone wp-image-2021 size-medium\" src=\"https:\/\/test.tfciadedanca.mazaltec.com.br\/wp-content\/uploads\/2017\/11\/2018_TF_Carne-Urbana__0033-300x200.jpg\" alt=\"2018_TF_Carne Urbana__0033\" width=\"300\" height=\"200\" srcset=\"https:\/\/test.tfciadedanca.mazaltec.com.br\/wp-content\/uploads\/2017\/11\/2018_TF_Carne-Urbana__0033-300x200.jpg 300w, https:\/\/test.tfciadedanca.mazaltec.com.br\/wp-content\/uploads\/2017\/11\/2018_TF_Carne-Urbana__0033-768x512.jpg 768w, https:\/\/test.tfciadedanca.mazaltec.com.br\/wp-content\/uploads\/2017\/11\/2018_TF_Carne-Urbana__0033-1024x683.jpg 1024w\" sizes=\"auto, (max-width: 300px) 100vw, 300px\" \/><\/a><\/p>\n<p>&nbsp;<\/p>\n<hr>\n<p><a href=\"http:\/\/www.agendadedanca.com.br\/igor-gasparini-da-cia-t-f-style-fala-sobre-a-obra-elo-e-o-premio-apca-2019\/\" target=\"_blank\">Entrevista Agenda de Dan\u00e7a<\/a> &#8211; <strong>ELO<\/strong><\/p>\n<p><a href=\"https:\/\/test.tfciadedanca.mazaltec.com.br\/wp-content\/uploads\/2019\/10\/2019_Elo_TF_0513037-300x219.jpg\" rel=\"fancybox[17268]\" rel=\"attachment wp-att-4707\"><img loading=\"lazy\" decoding=\"async\" class=\"alignleft size-medium wp-image-4707\" src=\"https:\/\/test.tfciadedanca.mazaltec.com.br\/wp-content\/uploads\/2019\/10\/2019_Elo_TF_0513037-300x219.jpg\" alt=\"2019_Elo_TF_0513037\" width=\"300\" height=\"219\" srcset=\"https:\/\/test.tfciadedanca.mazaltec.com.br\/wp-content\/uploads\/2019\/10\/2019_Elo_TF_0513037-300x219.jpg 300w, https:\/\/test.tfciadedanca.mazaltec.com.br\/wp-content\/uploads\/2019\/10\/2019_Elo_TF_0513037-768x559.jpg 768w, https:\/\/test.tfciadedanca.mazaltec.com.br\/wp-content\/uploads\/2019\/10\/2019_Elo_TF_0513037-1024x746.jpg 1024w\" sizes=\"auto, (max-width: 300px) 100vw, 300px\" \/><\/a><\/p>\n<p>&nbsp;<\/p>\n<p>&nbsp;<\/p>\n<p>&nbsp;<\/p>\n<p>&nbsp;<\/p>\n<p>&nbsp;<\/p>\n<p>&nbsp;<\/p>\n<p>&nbsp;<\/p>\n<hr>\n<p><a href=\"https:\/\/test.tfciadedanca.mazaltec.com.br\/wp-content\/uploads\/2013\/12\/Material-Imprensa-Fomento.pdf\" target=\"_blank\" rel=\"\"><br \/>\nMaterial de Imprensa<\/a> &#8211; <strong>Carne Urbana <\/strong>&#8211;<strong> <\/strong>A\u00e7\u00f5es 24a Edi\u00e7\u00e3o do Fomento \u00e0 Dan\u00e7a<\/p>\n<p><a href=\"https:\/\/test.tfciadedanca.mazaltec.com.br\/wp-content\/uploads\/2017\/11\/Carne-Urbana-12-Isis-Gasparini-300x200.jpg\" rel=\"fancybox[17268]\" rel=\"attachment wp-att-2016\"><img loading=\"lazy\" decoding=\"async\" class=\"size-medium wp-image-2016 alignnone\" src=\"https:\/\/test.tfciadedanca.mazaltec.com.br\/wp-content\/uploads\/2017\/11\/Carne-Urbana-12-Isis-Gasparini-300x200.jpg\" alt=\"Carne Urbana 12 - Isis Gasparini\" width=\"300\" height=\"200\" srcset=\"https:\/\/test.tfciadedanca.mazaltec.com.br\/wp-content\/uploads\/2017\/11\/Carne-Urbana-12-Isis-Gasparini-300x200.jpg 300w, https:\/\/test.tfciadedanca.mazaltec.com.br\/wp-content\/uploads\/2017\/11\/Carne-Urbana-12-Isis-Gasparini-768x512.jpg 768w, https:\/\/test.tfciadedanca.mazaltec.com.br\/wp-content\/uploads\/2017\/11\/Carne-Urbana-12-Isis-Gasparini-1024x682.jpg 1024w, https:\/\/test.tfciadedanca.mazaltec.com.br\/wp-content\/uploads\/2017\/11\/Carne-Urbana-12-Isis-Gasparini.jpg 1600w\" sizes=\"auto, (max-width: 300px) 100vw, 300px\" \/><\/a><\/p>\n<hr>\n<p><a href=\"https:\/\/test.tfciadedanca.mazaltec.com.br\/wp-content\/uploads\/2013\/12\/Material-T.F.Style-01.pdf\" target=\"_blank\" rel=\"\"><br \/>\nMaterial T.F.Style<\/a> &#8211; <strong>Sob a Pele<\/strong><\/p>\n<p><a href=\"https:\/\/test.tfciadedanca.mazaltec.com.br\/wp-content\/uploads\/2017\/11\/Apresenta%C3%A7%C3%A3o-Limeira-56.jpg\" rel=\"fancybox[17268]\" rel=\"attachment wp-att-1640\"><img loading=\"lazy\" decoding=\"async\" class=\"alignnone wp-image-1640 size-medium\" src=\"https:\/\/test.tfciadedanca.mazaltec.com.br\/wp-content\/uploads\/2017\/11\/Apresenta%C3%A7%C3%A3o-Limeira-56-300x200.jpg\" alt=\"Apresenta\u00e7\u00e3o Limeira-56\" width=\"300\" height=\"200\"><\/a><\/p>\n<hr>\n<p><a href=\"https:\/\/test.tfciadedanca.mazaltec.com.br\/wp-content\/uploads\/2013\/12\/Material-T.F.Style-02.pdf\" target=\"_blank\" rel=\"\"><br \/>\nMaterial T.F.Style<\/a> &#8211; <strong>Sob a Pele \/ BECO \/ ANTI<\/strong><\/p>\n<p><a href=\"https:\/\/test.tfciadedanca.mazaltec.com.br\/wp-content\/uploads\/2014\/10\/Ass-128-300x200.jpg\" rel=\"fancybox[17268]\" rel=\"attachment wp-att-874\"><img loading=\"lazy\" decoding=\"async\" class=\"alignnone wp-image-874 size-medium\" src=\"https:\/\/test.tfciadedanca.mazaltec.com.br\/wp-content\/uploads\/2014\/10\/Ass-128-300x200.jpg\" alt=\"Ass-128\" width=\"300\" height=\"200\" srcset=\"https:\/\/test.tfciadedanca.mazaltec.com.br\/wp-content\/uploads\/2014\/10\/Ass-128-300x200.jpg 300w, https:\/\/test.tfciadedanca.mazaltec.com.br\/wp-content\/uploads\/2014\/10\/Ass-128-1024x683.jpg 1024w\" sizes=\"auto, (max-width: 300px) 100vw, 300px\" \/><\/a><\/p>\n<hr>\n<p><a href=\"https:\/\/spark.adobe.com\/page\/C9mPmmN58Tnyd\/\" target=\"_blank\">Resid\u00eancia em Movimento<\/a> &#8211; por La\u00eds Barros<br \/>\nRecortes Fotogr\u00e1ficos a partir da Resid\u00eancia Art\u00edstica <strong>Carne Urbana<\/strong><\/p>\n<p><a href=\"https:\/\/test.tfciadedanca.mazaltec.com.br\/wp-content\/uploads\/2013\/12\/Registro-Fotogr%C3%A1fico-Resid%C3%AAncia.jpg\" rel=\"fancybox[17268]\" rel=\"attachment wp-att-4455\"><img loading=\"lazy\" decoding=\"async\" class=\"alignnone wp-image-4455 size-medium\" src=\"https:\/\/test.tfciadedanca.mazaltec.com.br\/wp-content\/uploads\/2013\/12\/Registro-Fotogr%C3%A1fico-Resid%C3%AAncia-300x135.jpg\" alt=\"Registro Fotogr\u00e1fico Resid\u00eancia\" width=\"300\" height=\"135\"><\/a><\/p>\n<hr>\n<p><a href=\"http:\/\/igorgasparini.blogspot.com\/2018\/03\/a-carne-da-alma-exposta.html\" target=\"_blank\">A carne da Alma Exposta<\/a> &#8211; por Rodolfo Lima<br \/>\nCr\u00edtica de <strong>Carne Urbana<\/strong> (mar\u00e7o de 2018).<\/p>\n<p><a href=\"https:\/\/test.tfciadedanca.mazaltec.com.br\/wp-content\/uploads\/2017\/11\/IMGL6457-300x200.jpg\" rel=\"fancybox[17268]\" rel=\"attachment wp-att-1802\"><img loading=\"lazy\" decoding=\"async\" class=\"alignnone wp-image-1802 size-medium\" src=\"https:\/\/test.tfciadedanca.mazaltec.com.br\/wp-content\/uploads\/2017\/11\/IMGL6457-300x200.jpg\" alt=\"IMGL6457\" width=\"300\" height=\"200\" srcset=\"https:\/\/test.tfciadedanca.mazaltec.com.br\/wp-content\/uploads\/2017\/11\/IMGL6457-300x200.jpg 300w, https:\/\/test.tfciadedanca.mazaltec.com.br\/wp-content\/uploads\/2017\/11\/IMGL6457-768x512.jpg 768w, https:\/\/test.tfciadedanca.mazaltec.com.br\/wp-content\/uploads\/2017\/11\/IMGL6457-1024x683.jpg 1024w\" sizes=\"auto, (max-width: 300px) 100vw, 300px\" \/><\/a><\/p>\n<hr>\n<p><a href=\"https:\/\/www.daquartaparede.com\/post\/tfstyle-carne-urbana\" target=\"_blank\">Um apelo neoprimitivo<\/a> &#8211; por Henrique Rochelle<br \/>\nCr\u00edtica de <strong>Carne Urbana<\/strong> &#8211; Publicada em <em>Da Quarta Parede<\/em> (fevereiro de 2019).<\/p>\n<p><a href=\"https:\/\/test.tfciadedanca.mazaltec.com.br\/wp-content\/uploads\/2013\/12\/Sem-t%C3%ADtulo.jpg\" rel=\"fancybox[17268]\" rel=\"attachment wp-att-4458\"><img loading=\"lazy\" decoding=\"async\" class=\"alignnone wp-image-4458 size-medium\" src=\"https:\/\/test.tfciadedanca.mazaltec.com.br\/wp-content\/uploads\/2013\/12\/Sem-t%C3%ADtulo-300x275.jpg\" alt=\"Sem t\u00edtulo\" width=\"300\" height=\"275\"><\/a><\/p>\n<hr>\n<p><a href=\"http:\/\/igorgasparini.blogspot.com\/2016\/11\/a-pele-como-uma-dramaturgia-dos-avessos_8.html\" target=\"_blank\">A pele como dramaturgia dos avessos<\/a> &#8211; por Thiago Alixandre<br \/>\nCr\u00edtica de <strong>Sob a Pele<\/strong> &#8211; (novembro de 2016).<\/p>\n<p><a href=\"https:\/\/test.tfciadedanca.mazaltec.com.br\/wp-content\/uploads\/2016\/02\/01-300x200.jpg\" rel=\"fancybox[17268]\" rel=\"attachment wp-att-2307\"><img loading=\"lazy\" decoding=\"async\" class=\"size-medium wp-image-2307 alignnone\" src=\"https:\/\/test.tfciadedanca.mazaltec.com.br\/wp-content\/uploads\/2016\/02\/01-300x200.jpg\" alt=\"01\" width=\"300\" height=\"200\" srcset=\"https:\/\/test.tfciadedanca.mazaltec.com.br\/wp-content\/uploads\/2016\/02\/01-300x200.jpg 300w, https:\/\/test.tfciadedanca.mazaltec.com.br\/wp-content\/uploads\/2016\/02\/01-768x512.jpg 768w, https:\/\/test.tfciadedanca.mazaltec.com.br\/wp-content\/uploads\/2016\/02\/01-1024x682.jpg 1024w, https:\/\/test.tfciadedanca.mazaltec.com.br\/wp-content\/uploads\/2016\/02\/01.jpg 1874w\" sizes=\"auto, (max-width: 300px) 100vw, 300px\" \/><\/a><\/p>\n<hr>\n<p><a href=\"https:\/\/test.tfciadedanca.mazaltec.com.br\/wp-content\/uploads\/2013\/12\/Material-T.F.Style-Outras-A%C3%A7%C3%B5es.pdf\" target=\"_blank\" rel=\"\">Material T.F.Style<\/a> &#8211; <b>Outras A\u00e7\u00f5es: <\/b>Workshops, Mostras, Eventos.<\/p>\n<p><a href=\"https:\/\/test.tfciadedanca.mazaltec.com.br\/wp-content\/uploads\/2019\/08\/IMG_3280_-300x200.jpg\" rel=\"fancybox[17268]\" rel=\"attachment wp-att-4442\"><img loading=\"lazy\" decoding=\"async\" class=\"size-medium wp-image-4442 alignnone\" src=\"https:\/\/test.tfciadedanca.mazaltec.com.br\/wp-content\/uploads\/2019\/08\/IMG_3280_-300x200.jpg\" alt=\"IMG_3280_\" width=\"300\" height=\"200\" srcset=\"https:\/\/test.tfciadedanca.mazaltec.com.br\/wp-content\/uploads\/2019\/08\/IMG_3280_-300x200.jpg 300w, https:\/\/test.tfciadedanca.mazaltec.com.br\/wp-content\/uploads\/2019\/08\/IMG_3280_-768x512.jpg 768w, https:\/\/test.tfciadedanca.mazaltec.com.br\/wp-content\/uploads\/2019\/08\/IMG_3280_-1024x683.jpg 1024w\" sizes=\"auto, (max-width: 300px) 100vw, 300px\" \/><\/a><\/p>\n<p>&nbsp;<\/p>\n","protected":false},"excerpt":{"rendered":"<p>Cr\u00edtica La Raz\u00f3n &#8211; T.F. Cia de Dan\u00e7a em La Paz (Bol\u00edvia) Acesse aqui Festival Danz\u00e9nica + Nuna Fest + Festival CUIR. Obras: Corpos de Fronteira, RASTRO, Cong\u00eanito e HOMO. &nbsp; &nbsp; &nbsp; &nbsp; &nbsp; &nbsp; &nbsp; Cr\u00edtica de Minuto &#8211; Estreia RASTRO Outra Dan\u00e7a &#8211; por Henrique Rochelle &nbsp;<a href=\"https:\/\/test.tfciadedanca.mazaltec.com.br\/en\/about-us\/material-de-imprensa\/\"><\/a><\/p>\n","protected":false},"author":2,"featured_media":0,"parent":17236,"menu_order":0,"comment_status":"closed","ping_status":"closed","template":"template-fullwidth.php","meta":{"footnotes":""},"class_list":["post-17268","page","type-page","status-publish","hentry"],"_links":{"self":[{"href":"https:\/\/test.tfciadedanca.mazaltec.com.br\/en\/wp-json\/wp\/v2\/pages\/17268","targetHints":{"allow":["GET"]}}],"collection":[{"href":"https:\/\/test.tfciadedanca.mazaltec.com.br\/en\/wp-json\/wp\/v2\/pages"}],"about":[{"href":"https:\/\/test.tfciadedanca.mazaltec.com.br\/en\/wp-json\/wp\/v2\/types\/page"}],"author":[{"embeddable":true,"href":"https:\/\/test.tfciadedanca.mazaltec.com.br\/en\/wp-json\/wp\/v2\/users\/2"}],"replies":[{"embeddable":true,"href":"https:\/\/test.tfciadedanca.mazaltec.com.br\/en\/wp-json\/wp\/v2\/comments?post=17268"}],"version-history":[{"count":0,"href":"https:\/\/test.tfciadedanca.mazaltec.com.br\/en\/wp-json\/wp\/v2\/pages\/17268\/revisions"}],"up":[{"embeddable":true,"href":"https:\/\/test.tfciadedanca.mazaltec.com.br\/en\/wp-json\/wp\/v2\/pages\/17236"}],"wp:attachment":[{"href":"https:\/\/test.tfciadedanca.mazaltec.com.br\/en\/wp-json\/wp\/v2\/media?parent=17268"}],"curies":[{"name":"wp","href":"https:\/\/api.w.org\/{rel}","templated":true}]}}